{"id":41,"date":"2021-07-13T10:48:24","date_gmt":"2021-07-13T13:48:24","guid":{"rendered":"https:\/\/www.turaccion.com.ar\/nueva\/?page_id=41"},"modified":"2022-01-20T11:36:31","modified_gmt":"2022-01-20T14:36:31","slug":"terminos-y-condiciones","status":"publish","type":"page","link":"https:\/\/catedralturismo.com\/eng\/terminos-y-condiciones\/","title":{"rendered":"Terms &#038; Conditions"},"content":{"rendered":"<p><strong>LOS PRODUCTOS PUBLICADOS INCLUYEN:<br \/>\n<\/strong>Todos los servicios que se mencionan espec\u00edficamente en cada producto. Los precios incluyen IVA y est\u00e1n sujetos a cambios sin previo aviso hasta el momento en que el cliente abona la totalidad de los servicios contratados.<br \/>\nTodos los importes pagados antes de la confirmaci\u00f3n definitiva de los servicios son percibidos en concepto de reserva. La confirmaci\u00f3n definitiva de los servicios y precios respectivos se producir\u00e1 con la emisi\u00f3n del voucher y la facturaci\u00f3n respectiva.<\/p>\n<p><strong>LOS PRECIOS\u00a0 PUBLICADOS NO INCLUYEN<br \/>\n<\/strong>Ingreso\u00a0 a Parques Nacionales, tasas, ni otros no especificadas en el servicio.<br \/>\nExtras de ning\u00fan tipo o gastos que no est\u00e9n debidamente especificados en los servicios. Como almuerzos, bebidas, etc<\/p>\n<p><strong>CAMBIOS Y CANCELACIONES<br \/>\n<\/strong>Por parte la empresa: <b>SOUTH TRAVEL S.R.L.<\/b> se reserva la derecho de cancelar justificadamente los servicios en las siguientes circunstancias:<br \/>\n&#8211; La fuerza mayor y el caso fortuito. Se proceder\u00e1 a la devoluci\u00f3n de la cantidad total percibida hasta ese momento, menos los gastos administrativos derivados de dicha operaci\u00f3n( 10%)<\/p>\n<p>Por parte del cliente: Todos los cambios y las cancelaci\u00f3n deber\u00e1n ser notificadas por escrito via wathsApp (5492944896386) o via email <a href=\"mailto:info@catedralturismo.com\">info@catedralturismo.com<\/a><br \/>\nCambio de fecha: No se cobran gastos ni extra de un servicio siempre que hubiera disponibilidad en la nueva fecha solicitada y el cambio se realice dentro de la vigencia de la tarifa y dentro de las 48hs antes del servicio contratado.<\/p>\n<p><strong>CANCELACIONES<\/strong><\/p>\n<p>Para los casos de anulaci\u00f3n o desistimiento de viaje por motivos inherentes al pasajero, regir\u00e1n las siguientes penalidades: Con cargo de 10 % correspondiente a gastos administrativos, si la cancelaci\u00f3n es anterior a las 18hs de la prestaci\u00f3n del servicio.Las devoluciones se realizaran a trav\u00e9s del mismo canal en el que se realiz\u00f3 el pago.<\/p>\n<p>Sin devoluci\u00f3n, si el desistimiento ocurre pasadas las 18 horas de antelaci\u00f3n a la prestaci\u00f3n del servicio.<\/p>\n<p>En los casos en donde pasajeros que desistieran voluntariamente de utilizar cualquier servicio sin previo aviso, no tendr\u00e1n derecho a exigir devoluci\u00f3n alguna por dichos servicios. No hay reembolso por ning\u00fan servicio no utilizado, incluyendo traslados, actividades, excursiones u otros servicios informados en nuestro sitio. Salvo con la presentaci\u00f3n de certificados m\u00e9dicos, firmados por personal de salud matriculado.<\/p>\n<p>&nbsp;<\/p>\n<p><strong>RESPONSABILIDADES<\/strong><\/p>\n<p>Es responsabilidad \u00fanica y exclusiva de cada pasajero tener toda la documentaci\u00f3n en regla para el viaje. El pasajero deber\u00e1 estar provisto de pasaporte vigente y las visas requeridas seg\u00fan el itinerario escogido. El incumplimiento de lo antes expuesto por parte del cliente le ocasionar\u00e1 la p\u00e9rdida de derecho a cualquier reembolso. Las consecuencias de su omisi\u00f3n y los gastos que se originaren como consecuencia de ello ser\u00e1n por cuenta del viajero, aplic\u00e1ndose en este caso las condiciones establecidas para el desistimiento voluntario de servicios. Lo mismo ocurrir\u00e1 cuando las autoridades de cualquier pa\u00eds rehusaren permitir la entrada al pasajero.<\/p>\n<p><b>SOUTH TRAVEL S.R.L.<\/b> declara expl\u00edcitamente que obra \u00fanicamente como intermediaria en la reserva o contrataci\u00f3n de los distintos servicios vinculados e incluidos en el respectivo tour o reservaci\u00f3n de servicios: hoteles, restaurantes, medios de transportes u otros prestadores .Por consiguiente declina toda responsabilidad por deficiencias en cualquiera de los servicios prestados, as\u00ed como cualquier accidente, da\u00f1o, herida, retraso o irregularidades que pudieran ocurrir durante la ejecuci\u00f3n de los servicios a las personas que ejecutan el viaje por su mediaci\u00f3n.<br \/>\n<b>SOUTH TRAVEL S.R.L.<\/b> declina toda responsabilidad por retrasos, adelantos o anulaciones que se produzcan por parte de las compa\u00f1\u00edas a\u00e9reas o de las empresas transportistas, siendo los gastos que se originen a cargo de los pasajeros.<\/p>\n<p>Si por razones con causa justificada <b>SOUTH TRAVEL S.R.L.<\/b> se viera obligada a suspender cualquiera de las excursiones, los pasajeros inscriptos no tendr\u00e1n m\u00e1s derecho que el reembolso que correspondiere del importe abonado, con renuncia expresa a cualquier otro reclamo.<\/p>\n<p>Cuando el transporte se efect\u00fae en veh\u00edculos propios o alquilados por el organizador, el viajero se somete expresamente a la legislaci\u00f3n en materia de accidentes por carretera de la naci\u00f3n en que se halla matriculado el veh\u00edculo renunciando taxativamente a cualquier otro derecho que pudiera corresponderle, en virtud de los cuales las indemnizaciones ser\u00edan pagadas a los interesados, beneficiarios o representantes legales en el pa\u00eds de matr\u00edcula del veh\u00edculo y en la moneda legal del pa\u00eds. El pago de las posibles indemnizaciones en caso de accidente, corresponde \u00fanicamente a las compa\u00f1\u00edas de seguros.<\/p>\n<p><b>SOUTH TRAVEL S.R.L.<\/b> no asume responsabilidad alguna sobre los criterios y el control en el otorgamiento de categor\u00edas a los hoteles. Las que figuran en la promoci\u00f3n de los paquetes y en los itinerarios enviados a los pasajeros son las que oficialmente otorgan las autoridades tur\u00edsticas del pa\u00eds.<\/p>\n<p><b>SOUTH TRAVEL S.R.L.<\/b> no se responsabiliza por el equipaje y dem\u00e1s efectos personales del cliente, los que viajan por cuenta y riesgo de \u00e9ste.<\/p>\n<p><b>SOUTH TRAVEL S.R.L.<\/b> no se responsabiliza por los hechos que se produzcan por caso fortuito o fuerza mayor, fen\u00f3menos clim\u00e1ticos o hechos de la naturaleza que acontezcan antes o durante el desarrollo del tour que impidan, demoren o de cualquier modo obstaculicen la ejecuci\u00f3n total o parcial de las prestaciones comprometidas por la empresa.<\/p>\n<p>Una vez comenzado el viaje, la suspensi\u00f3n, modificaci\u00f3n o interrupci\u00f3n de los servicios por parte del pasajero por razones personales de cualquier \u00edndole, no dar\u00e1 lugar a reclamo alguno, reembolso o devoluci\u00f3n alguna.<\/p>\n<p>&nbsp;<\/p>\n<p><strong>ACEPTACI\u00d3N DEL CLIENTE<br \/>\n<\/strong>El cliente declara conocer y aceptar las presentes condiciones generales de contrataci\u00f3n y dicha aceptaci\u00f3n queda ratificada por medio de uno cualesquiera de los siguientes actos:<\/p>\n<p>El pago de los servicios contratados antes del inicio del viaje, por cualquier forma o modalidad.<br \/>\nLa aceptaci\u00f3n de la factura de los servicios contratados.<br \/>\nMediante el uso de una porci\u00f3n cualquiera de los servicios contratados.<\/p>\n","protected":false},"excerpt":{"rendered":"<p>LOS PRODUCTOS PUBLICADOS INCLUYEN: Todos los servicios que se mencionan espec\u00edficamente en cada producto. Los precios incluyen IVA y est\u00e1n sujetos a cambios sin previo aviso hasta el momento en que el cliente abona la totalidad de los servicios contratados. Todos los importes pagados antes de la confirmaci\u00f3n definitiva de los servicios son percibidos en&hellip;<\/p>\n","protected":false},"author":1,"featured_media":0,"parent":0,"menu_order":0,"comment_status":"closed","ping_status":"closed","template":"","meta":[],"_links":{"self":[{"href":"https:\/\/catedralturismo.com\/eng\/wp-json\/wp\/v2\/pages\/41"}],"collection":[{"href":"https:\/\/catedralturismo.com\/eng\/wp-json\/wp\/v2\/pages"}],"about":[{"href":"https:\/\/catedralturismo.com\/eng\/wp-json\/wp\/v2\/types\/page"}],"author":[{"embeddable":true,"href":"https:\/\/catedralturismo.com\/eng\/wp-json\/wp\/v2\/users\/1"}],"replies":[{"embeddable":true,"href":"https:\/\/catedralturismo.com\/eng\/wp-json\/wp\/v2\/comments?post=41"}],"version-history":[{"count":5,"href":"https:\/\/catedralturismo.com\/eng\/wp-json\/wp\/v2\/pages\/41\/revisions"}],"predecessor-version":[{"id":1307,"href":"https:\/\/catedralturismo.com\/eng\/wp-json\/wp\/v2\/pages\/41\/revisions\/1307"}],"wp:attachment":[{"href":"https:\/\/catedralturismo.com\/eng\/wp-json\/wp\/v2\/media?parent=41"}],"curies":[{"name":"wp","href":"https:\/\/api.w.org\/{rel}","templated":true}]}}