{"id":29,"date":"2021-07-13T10:46:48","date_gmt":"2021-07-13T13:46:48","guid":{"rendered":"https:\/\/www.turaccion.com.ar\/nueva\/?page_id=29"},"modified":"2022-01-20T17:29:34","modified_gmt":"2022-01-20T20:29:34","slug":"aventura","status":"publish","type":"page","link":"https:\/\/catedralturismo.com\/por\/aventura\/","title":{"rendered":"Aventura"},"content":{"rendered":"<p>[vc_row][vc_column width=&#8221;1\/6&#8243;][\/vc_column][vc_column width=&#8221;2\/3&#8243;][vc_column_text]<\/p>\n<p style=\"text-align: center;\">Bariloche oferece in\u00fameras atividades, por isso \u00e9 a capital nacional do turismo de aventura. Vivi a aventura nos mais variados cen\u00e1rios, do jeito que voc\u00ea mais gosta. O maior desafio ser\u00e1 escolher o que fazer primeiro!<\/p>\n<p>[\/vc_column_text][\/vc_column][vc_column width=&#8221;1\/6&#8243;][\/vc_column][\/vc_row][vc_row type=&#8221;vc_default&#8221; css=&#8221;.vc_custom_1626208548465{margin-top: 30px !important;}&#8221;][vc_column]<style type=\"text\/css\" data-type=\"the7_shortcodes-inline-css\">.products-shortcode.products-masonry-shortcode-id-bd31c8eac9e7312295b6ab3554f7a0f7 .star-rating,\n.products-shortcode.products-masonry-shortcode-id-bd31c8eac9e7312295b6ab3554f7a0f7 .star-rating:before {\n  color: rgba(0,0,0,0.2);\n}\n.products-shortcode.products-masonry-shortcode-id-bd31c8eac9e7312295b6ab3554f7a0f7 .entry-title,\n.products-shortcode.products-masonry-shortcode-id-bd31c8eac9e7312295b6ab3554f7a0f7 .entry-title *,\n.products-shortcode.products-masonry-shortcode-id-bd31c8eac9e7312295b6ab3554f7a0f7 .woocom-list-content .price,\n.products-shortcode.products-masonry-shortcode-id-bd31c8eac9e7312295b6ab3554f7a0f7 .woocom-list-content .price * {\n  color: #000000;\n}\n.products-shortcode.products-masonry-shortcode-id-bd31c8eac9e7312295b6ab3554f7a0f7 .woocom-list-content .price del,\n.products-shortcode.products-masonry-shortcode-id-bd31c8eac9e7312295b6ab3554f7a0f7 .woocom-list-content .price del * {\n  color: #afafaf;\n}\n.products-shortcode.products-masonry-shortcode-id-bd31c8eac9e7312295b6ab3554f7a0f7 .filter a,\n.products-shortcode.products-masonry-shortcode-id-bd31c8eac9e7312295b6ab3554f7a0f7 .filter a * {\n  color: #000000;\n}\n.products-shortcode.products-masonry-shortcode-id-bd31c8eac9e7312295b6ab3554f7a0f7 .filter-bg-decoration .filter-categories a.act {\n  color: #fff;\n}\n.products-shortcode.products-masonry-shortcode-id-bd31c8eac9e7312295b6ab3554f7a0f7:not(.resize-by-browser-width) .dt-css-grid {\n  grid-row-gap: 30px;\n  grid-column-gap: 30px;\n  grid-template-columns: repeat(auto-fill,minmax(,1fr));\n}\n.cssgridlegacy.no-cssgrid .products-shortcode.products-masonry-shortcode-id-bd31c8eac9e7312295b6ab3554f7a0f7:not(.resize-by-browser-width) .dt-css-grid,\n.no-cssgridlegacy.no-cssgrid .products-shortcode.products-masonry-shortcode-id-bd31c8eac9e7312295b6ab3554f7a0f7:not(.resize-by-browser-width) .dt-css-grid {\n  display: flex;\n  flex-flow: row wrap;\n  margin: -15px;\n}\n.cssgridlegacy.no-cssgrid .products-shortcode.products-masonry-shortcode-id-bd31c8eac9e7312295b6ab3554f7a0f7:not(.resize-by-browser-width) .dt-css-grid .wf-cell,\n.no-cssgridlegacy.no-cssgrid .products-shortcode.products-masonry-shortcode-id-bd31c8eac9e7312295b6ab3554f7a0f7:not(.resize-by-browser-width) .dt-css-grid .wf-cell {\n  flex: 1 0 ;\n  max-width: 100%;\n  padding: 15px;\n  box-sizing: border-box;\n}\n.products-shortcode.products-masonry-shortcode-id-bd31c8eac9e7312295b6ab3554f7a0f7.resize-by-browser-width .dt-css-grid {\n  grid-template-columns: repeat(4,1fr);\n  grid-template-rows: auto;\n  grid-column-gap: 30px;\n  grid-row-gap: 30px;\n}\n.cssgridlegacy.no-cssgrid .products-shortcode.products-masonry-shortcode-id-bd31c8eac9e7312295b6ab3554f7a0f7.resize-by-browser-width .dt-css-grid,\n.no-cssgridlegacy.no-cssgrid .products-shortcode.products-masonry-shortcode-id-bd31c8eac9e7312295b6ab3554f7a0f7.resize-by-browser-width .dt-css-grid {\n  margin: -15px;\n}\n.cssgridlegacy.no-cssgrid .products-shortcode.products-masonry-shortcode-id-bd31c8eac9e7312295b6ab3554f7a0f7.resize-by-browser-width .dt-css-grid .wf-cell,\n.no-cssgridlegacy.no-cssgrid .products-shortcode.products-masonry-shortcode-id-bd31c8eac9e7312295b6ab3554f7a0f7.resize-by-browser-width .dt-css-grid .wf-cell {\n  width: 25%;\n  padding: 15px;\n}\n@media screen and (max-width: 1199px) {\n  .products-shortcode.products-masonry-shortcode-id-bd31c8eac9e7312295b6ab3554f7a0f7.resize-by-browser-width .dt-css-grid {\n    grid-template-columns: repeat(3,1fr);\n  }\n  .cssgridlegacy.no-cssgrid .products-shortcode.products-masonry-shortcode-id-bd31c8eac9e7312295b6ab3554f7a0f7.resize-by-browser-width .dt-css-grid .wf-cell,\n  .no-cssgridlegacy.no-cssgrid .products-shortcode.products-masonry-shortcode-id-bd31c8eac9e7312295b6ab3554f7a0f7.resize-by-browser-width .dt-css-grid .wf-cell {\n    width: 33.333333333333%;\n  }\n}\n@media screen and (max-width: 991px) {\n  .products-shortcode.products-masonry-shortcode-id-bd31c8eac9e7312295b6ab3554f7a0f7.resize-by-browser-width .dt-css-grid {\n    grid-template-columns: repeat(2,1fr);\n  }\n  .cssgridlegacy.no-cssgrid .products-shortcode.products-masonry-shortcode-id-bd31c8eac9e7312295b6ab3554f7a0f7.resize-by-browser-width .dt-css-grid .wf-cell,\n  .no-cssgridlegacy.no-cssgrid .products-shortcode.products-masonry-shortcode-id-bd31c8eac9e7312295b6ab3554f7a0f7.resize-by-browser-width .dt-css-grid .wf-cell {\n    width: 50%;\n  }\n}\n@media screen and (max-width: 767px) {\n  .products-shortcode.products-masonry-shortcode-id-bd31c8eac9e7312295b6ab3554f7a0f7.resize-by-browser-width .dt-css-grid {\n    grid-template-columns: repeat(1,1fr);\n  }\n  .cssgridlegacy.no-cssgrid .products-shortcode.products-masonry-shortcode-id-bd31c8eac9e7312295b6ab3554f7a0f7.resize-by-browser-width .dt-css-grid .wf-cell,\n  .no-cssgridlegacy.no-cssgrid .products-shortcode.products-masonry-shortcode-id-bd31c8eac9e7312295b6ab3554f7a0f7.resize-by-browser-width .dt-css-grid .wf-cell {\n    width: 100%;\n  }\n}\n<\/style><div class=\"products-shortcode products-masonry-shortcode-id-bd31c8eac9e7312295b6ab3554f7a0f7 mode-grid cart-btn-below-img hide-description hide-rating jquery-filter wc-img-hover dt-css-grid-wrap resize-by-browser-width loading-effect-none description-under-image content-align-centre\" data-padding=\"15px\" data-cur-page=\"1\" data-post-limit=\"-1\" data-pagination-mode=\"none\" data-desktop-columns-num=\"4\" data-v-tablet-columns-num=\"2\" data-h-tablet-columns-num=\"3\" data-phone-columns-num=\"1\" data-width=\"0px\" data-columns=\"0\"><div class=\"dt-css-grid\" ><div class=\"visible wf-cell visible\" data-post-id=\"1093\" data-date=\"2021-12-30T16:03:34-03:00\" data-name=\"Rafting Rio Manso Inferior\"><article class=\"post project-odd visible description-off product type-product post-1093 status-publish first instock product_cat-aventura has-post-thumbnail sold-individually shipping-taxable purchasable product-type-booking\" ><figure class=\"woocom-project\">\n\t<div class=\"woo-buttons-on-img\">\n\n\t\t<a href=\"https:\/\/catedralturismo.com\/por\/producto\/rafting-rio-manso-inferior\/\" class=\"alignnone layzr-bg\"><img width=\"300\" height=\"300\" src=\"data:image\/svg+xml;charset=utf-8,%3Csvg xmlns%3D&#039;http%3A%2F%2Fwww.w3.org%2F2000%2Fsvg&#039; viewBox%3D&#039;0 0 300 300&#039;%2F%3E\" class=\"attachment-woocommerce_thumbnail size-woocommerce_thumbnail iso-lazy-load preload-me\" alt=\"\" loading=\"lazy\" data-src=\"https:\/\/catedralturismo.com\/por\/wp-content\/uploads\/2021\/12\/sosi_2021-12-15-85168-300x300.jpg\" data-srcset=\"https:\/\/catedralturismo.com\/por\/wp-content\/uploads\/2021\/12\/sosi_2021-12-15-85168-300x300.jpg 300w, https:\/\/catedralturismo.com\/por\/wp-content\/uploads\/2021\/12\/sosi_2021-12-15-85168-150x150.jpg 150w, https:\/\/catedralturismo.com\/por\/wp-content\/uploads\/2021\/12\/sosi_2021-12-15-85168-200x200.jpg 200w\" \/><\/a>\n\t<\/div>\n\t<figcaption class=\"woocom-list-content\">\n\n\t\t<div class=\"woo-buttons\"><a href=\"https:\/\/catedralturismo.com\/por\/producto\/rafting-rio-manso-inferior\/\" data-quantity=\"1\" class=\"product_type_booking add_to_cart_button\" data-product_id=\"1093\" data-product_sku=\"\" aria-label=\"Leia mais sobre &ldquo;Rafting Rio Manso Inferior&rdquo;\" rel=\"nofollow\">Ler mais<\/a><\/div>\n\t<\/figcaption>\n<\/figure>\n<\/article><\/div><div class=\"visible wf-cell visible\" data-post-id=\"1097\" data-date=\"2021-12-30T16:06:48-03:00\" data-name=\"Rafting Rio Manso at\u00e9 a fronteira\"><article class=\"post project-odd visible description-off product type-product post-1097 status-publish instock product_cat-aventura has-post-thumbnail sold-individually shipping-taxable purchasable product-type-booking\" ><figure class=\"woocom-project\">\n\t<div class=\"woo-buttons-on-img\">\n\n\t\t<a href=\"https:\/\/catedralturismo.com\/por\/producto\/rafting-rio-manso-a-la-frontera\/\" class=\"alignnone layzr-bg\"><img width=\"300\" height=\"300\" src=\"data:image\/svg+xml;charset=utf-8,%3Csvg xmlns%3D&#039;http%3A%2F%2Fwww.w3.org%2F2000%2Fsvg&#039; viewBox%3D&#039;0 0 300 300&#039;%2F%3E\" class=\"attachment-woocommerce_thumbnail size-woocommerce_thumbnail iso-lazy-load preload-me\" alt=\"\" loading=\"lazy\" data-src=\"https:\/\/catedralturismo.com\/por\/wp-content\/uploads\/2021\/12\/Rafting-Frontera-1-300x300.jpg\" data-srcset=\"https:\/\/catedralturismo.com\/por\/wp-content\/uploads\/2021\/12\/Rafting-Frontera-1-300x300.jpg 300w, https:\/\/catedralturismo.com\/por\/wp-content\/uploads\/2021\/12\/Rafting-Frontera-1-150x150.jpg 150w, https:\/\/catedralturismo.com\/por\/wp-content\/uploads\/2021\/12\/Rafting-Frontera-1-200x200.jpg 200w\" \/><\/a>\n\t<\/div>\n\t<figcaption class=\"woocom-list-content\">\n\n\t\t<div class=\"woo-buttons\"><a href=\"https:\/\/catedralturismo.com\/por\/producto\/rafting-rio-manso-a-la-frontera\/\" data-quantity=\"1\" class=\"product_type_booking add_to_cart_button\" data-product_id=\"1097\" data-product_sku=\"\" aria-label=\"Leia mais sobre &ldquo;Rafting Rio Manso at\u00e9 a fronteira&rdquo;\" rel=\"nofollow\">Ler mais<\/a><\/div>\n\t<\/figcaption>\n<\/figure>\n<\/article><\/div><div class=\"visible wf-cell visible\" data-post-id=\"1119\" data-date=\"2021-12-30T16:16:30-03:00\" data-name=\"Navega\u00e7\u00e3o em veleiro\"><article class=\"post project-odd visible description-off product type-product post-1119 status-publish instock product_cat-aventura has-post-thumbnail sold-individually shipping-taxable purchasable product-type-booking\" ><figure class=\"woocom-project\">\n\t<div class=\"woo-buttons-on-img\">\n\n\t\t<a href=\"https:\/\/catedralturismo.com\/por\/producto\/navegacion-en-velero\/\" class=\"alignnone layzr-bg\"><img width=\"300\" height=\"300\" src=\"data:image\/svg+xml;charset=utf-8,%3Csvg xmlns%3D&#039;http%3A%2F%2Fwww.w3.org%2F2000%2Fsvg&#039; viewBox%3D&#039;0 0 300 300&#039;%2F%3E\" class=\"attachment-woocommerce_thumbnail size-woocommerce_thumbnail iso-lazy-load preload-me\" alt=\"\" loading=\"lazy\" data-src=\"https:\/\/catedralturismo.com\/por\/wp-content\/uploads\/2021\/12\/velero-1-1-300x300.jpg\" data-srcset=\"https:\/\/catedralturismo.com\/por\/wp-content\/uploads\/2021\/12\/velero-1-1-300x300.jpg 300w, https:\/\/catedralturismo.com\/por\/wp-content\/uploads\/2021\/12\/velero-1-1-150x150.jpg 150w, https:\/\/catedralturismo.com\/por\/wp-content\/uploads\/2021\/12\/velero-1-1-200x200.jpg 200w\" \/><\/a>\n\t<\/div>\n\t<figcaption class=\"woocom-list-content\">\n\n\t\t<div class=\"woo-buttons\"><a href=\"https:\/\/catedralturismo.com\/por\/producto\/navegacion-en-velero\/\" data-quantity=\"1\" class=\"product_type_booking add_to_cart_button\" data-product_id=\"1119\" data-product_sku=\"\" aria-label=\"Leia mais sobre &ldquo;Navega\u00e7\u00e3o em veleiro&rdquo;\" rel=\"nofollow\">Ler mais<\/a><\/div>\n\t<\/figcaption>\n<\/figure>\n<\/article><\/div><div class=\"visible wf-cell visible\" data-post-id=\"1115\" data-date=\"2021-12-30T16:14:56-03:00\" data-name=\"Kayak de Travesia\"><article class=\"post project-odd visible description-off product type-product post-1115 status-publish last instock product_cat-aventura has-post-thumbnail sold-individually shipping-taxable purchasable product-type-booking\" ><figure class=\"woocom-project\">\n\t<div class=\"woo-buttons-on-img\">\n\n\t\t<a href=\"https:\/\/catedralturismo.com\/por\/producto\/kayak-lago-gutierrez\/\" class=\"alignnone layzr-bg\"><img width=\"300\" height=\"300\" src=\"data:image\/svg+xml;charset=utf-8,%3Csvg xmlns%3D&#039;http%3A%2F%2Fwww.w3.org%2F2000%2Fsvg&#039; viewBox%3D&#039;0 0 300 300&#039;%2F%3E\" class=\"attachment-woocommerce_thumbnail size-woocommerce_thumbnail iso-lazy-load preload-me\" alt=\"\" loading=\"lazy\" data-src=\"https:\/\/catedralturismo.com\/por\/wp-content\/uploads\/2021\/12\/kayak-2-1-300x300.jpg\" data-srcset=\"https:\/\/catedralturismo.com\/por\/wp-content\/uploads\/2021\/12\/kayak-2-1-300x300.jpg 300w, https:\/\/catedralturismo.com\/por\/wp-content\/uploads\/2021\/12\/kayak-2-1-150x150.jpg 150w, https:\/\/catedralturismo.com\/por\/wp-content\/uploads\/2021\/12\/kayak-2-1-200x200.jpg 200w\" \/><\/a>\n\t<\/div>\n\t<figcaption class=\"woocom-list-content\">\n\n\t\t<div class=\"woo-buttons\"><a href=\"https:\/\/catedralturismo.com\/por\/producto\/kayak-lago-gutierrez\/\" data-quantity=\"1\" class=\"product_type_booking add_to_cart_button\" data-product_id=\"1115\" data-product_sku=\"\" aria-label=\"Leia mais sobre &ldquo;Kayak de Travesia&rdquo;\" rel=\"nofollow\">Ler mais<\/a><\/div>\n\t<\/figcaption>\n<\/figure>\n<\/article><\/div><div class=\"visible wf-cell visible\" data-post-id=\"1111\" data-date=\"2021-12-30T16:13:12-03:00\" data-name=\"Canyoning\"><article class=\"post project-odd visible description-off product type-product post-1111 status-publish first instock product_cat-aventura has-post-thumbnail sold-individually shipping-taxable purchasable product-type-booking\" ><figure class=\"woocom-project\">\n\t<div class=\"woo-buttons-on-img\">\n\n\t\t<a href=\"https:\/\/catedralturismo.com\/por\/producto\/canyoning\/\" class=\"alignnone layzr-bg\"><img width=\"300\" height=\"300\" src=\"data:image\/svg+xml;charset=utf-8,%3Csvg xmlns%3D&#039;http%3A%2F%2Fwww.w3.org%2F2000%2Fsvg&#039; viewBox%3D&#039;0 0 300 300&#039;%2F%3E\" class=\"attachment-woocommerce_thumbnail size-woocommerce_thumbnail iso-lazy-load preload-me\" alt=\"\" loading=\"lazy\" data-src=\"https:\/\/catedralturismo.com\/por\/wp-content\/uploads\/2021\/12\/canyoning-1-1-300x300.jpg\" data-srcset=\"https:\/\/catedralturismo.com\/por\/wp-content\/uploads\/2021\/12\/canyoning-1-1-300x300.jpg 300w, https:\/\/catedralturismo.com\/por\/wp-content\/uploads\/2021\/12\/canyoning-1-1-150x150.jpg 150w, https:\/\/catedralturismo.com\/por\/wp-content\/uploads\/2021\/12\/canyoning-1-1-200x200.jpg 200w\" \/><\/a>\n\t<\/div>\n\t<figcaption class=\"woocom-list-content\">\n\n\t\t<div class=\"woo-buttons\"><a href=\"https:\/\/catedralturismo.com\/por\/producto\/canyoning\/\" data-quantity=\"1\" class=\"product_type_booking add_to_cart_button\" data-product_id=\"1111\" data-product_sku=\"\" aria-label=\"Leia mais sobre &ldquo;Canyoning&rdquo;\" rel=\"nofollow\">Ler mais<\/a><\/div>\n\t<\/figcaption>\n<\/figure>\n<\/article><\/div><div class=\"visible wf-cell visible\" data-post-id=\"1104\" data-date=\"2021-12-30T16:10:34-03:00\" data-name=\"Cabalgada La Fragua\"><article class=\"post project-odd visible description-off product type-product post-1104 status-publish instock product_cat-aventura has-post-thumbnail sold-individually shipping-taxable purchasable product-type-booking\" ><figure class=\"woocom-project\">\n\t<div class=\"woo-buttons-on-img\">\n\n\t\t<a href=\"https:\/\/catedralturismo.com\/por\/producto\/cabalgata-la-fragua-dia-completo\/\" class=\"alignnone layzr-bg\"><img width=\"300\" height=\"300\" src=\"data:image\/svg+xml;charset=utf-8,%3Csvg xmlns%3D&#039;http%3A%2F%2Fwww.w3.org%2F2000%2Fsvg&#039; viewBox%3D&#039;0 0 300 300&#039;%2F%3E\" class=\"attachment-woocommerce_thumbnail size-woocommerce_thumbnail iso-lazy-load preload-me\" alt=\"\" loading=\"lazy\" data-src=\"https:\/\/catedralturismo.com\/por\/wp-content\/uploads\/2021\/12\/Cabalgata-La-Fragua-2-1-300x300.jpg\" data-srcset=\"https:\/\/catedralturismo.com\/por\/wp-content\/uploads\/2021\/12\/Cabalgata-La-Fragua-2-1-300x300.jpg 300w, https:\/\/catedralturismo.com\/por\/wp-content\/uploads\/2021\/12\/Cabalgata-La-Fragua-2-1-150x150.jpg 150w, https:\/\/catedralturismo.com\/por\/wp-content\/uploads\/2021\/12\/Cabalgata-La-Fragua-2-1-200x200.jpg 200w\" \/><\/a>\n\t<\/div>\n\t<figcaption class=\"woocom-list-content\">\n\n\t\t<div class=\"woo-buttons\"><a href=\"https:\/\/catedralturismo.com\/por\/producto\/cabalgata-la-fragua-dia-completo\/\" data-quantity=\"1\" class=\"product_type_booking add_to_cart_button\" data-product_id=\"1104\" data-product_sku=\"\" aria-label=\"Leia mais sobre &ldquo;Cabalgada La Fragua&rdquo;\" rel=\"nofollow\">Ler mais<\/a><\/div>\n\t<\/figcaption>\n<\/figure>\n<\/article><\/div><div class=\"visible wf-cell visible\" data-post-id=\"1107\" data-date=\"2021-12-30T16:11:37-03:00\" data-name=\"Cabalgada Baqueanos\"><article class=\"post project-odd visible description-off product type-product post-1107 status-publish instock product_cat-aventura has-post-thumbnail sold-individually shipping-taxable purchasable product-type-booking\" ><figure class=\"woocom-project\">\n\t<div class=\"woo-buttons-on-img\">\n\n\t\t<a href=\"https:\/\/catedralturismo.com\/por\/producto\/cabalgata-baqueanos\/\" class=\"alignnone layzr-bg\"><img width=\"300\" height=\"300\" src=\"data:image\/svg+xml;charset=utf-8,%3Csvg xmlns%3D&#039;http%3A%2F%2Fwww.w3.org%2F2000%2Fsvg&#039; viewBox%3D&#039;0 0 300 300&#039;%2F%3E\" class=\"attachment-woocommerce_thumbnail size-woocommerce_thumbnail iso-lazy-load preload-me\" alt=\"\" loading=\"lazy\" data-src=\"https:\/\/catedralturismo.com\/por\/wp-content\/uploads\/2021\/12\/cabalgata-2-1-300x300.jpg\" data-srcset=\"https:\/\/catedralturismo.com\/por\/wp-content\/uploads\/2021\/12\/cabalgata-2-1-300x300.jpg 300w, https:\/\/catedralturismo.com\/por\/wp-content\/uploads\/2021\/12\/cabalgata-2-1-150x150.jpg 150w, https:\/\/catedralturismo.com\/por\/wp-content\/uploads\/2021\/12\/cabalgata-2-1-200x200.jpg 200w\" \/><\/a>\n\t<\/div>\n\t<figcaption class=\"woocom-list-content\">\n\n\t\t<div class=\"woo-buttons\"><a href=\"https:\/\/catedralturismo.com\/por\/producto\/cabalgata-baqueanos\/\" data-quantity=\"1\" class=\"product_type_booking add_to_cart_button\" data-product_id=\"1107\" data-product_sku=\"\" aria-label=\"Leia mais sobre &ldquo;Cabalgada Baqueanos&rdquo;\" rel=\"nofollow\">Ler mais<\/a><\/div>\n\t<\/figcaption>\n<\/figure>\n<\/article><\/div><\/div><!-- iso-container|iso-grid --><\/div><div class=\"ult-spacer spacer-69e9ddd1591e8\" data-id=\"69e9ddd1591e8\" data-height=\"10\" data-height-mobile=\"10\" data-height-tab=\"10\" data-height-tab-portrait=\"\" data-height-mobile-landscape=\"\" style=\"clear:both;display:block;\"><\/div>[\/vc_column][\/vc_row][vc_row type=&#8221;vc_default&#8221; gap=&#8221;35&#8243; equal_height=&#8221;yes&#8221; css=&#8221;.vc_custom_1640788587819{margin-top: 20px !important;}&#8221;][vc_column width=&#8221;1\/4&#8243; css=&#8221;.vc_custom_1626188566478{padding: 20px !important;}&#8221;][vc_single_image image=&#8221;831&#8243; img_size=&#8221;full&#8221; alignment=&#8221;center&#8221;]<div id=\"ultimate-heading-283869e9ddd1592a2\" class=\"uvc-heading ult-adjust-bottom-margin ultimate-heading-283869e9ddd1592a2 uvc-4990 \" data-hspacer=\"no_spacer\"  data-halign=\"center\" style=\"text-align:center\"><div class=\"uvc-heading-spacer no_spacer\" style=\"top\"><\/div><div class=\"uvc-main-heading ult-responsive\"  data-ultimate-target='.uvc-heading.ultimate-heading-283869e9ddd1592a2 h2'  data-responsive-json-new='{\"font-size\":\"desktop:19px;\",\"line-height\":\"\"}' ><h2 style=\"font-family:&#039;Raleway&#039;;font-weight:600;margin-top:10px;\">RESERVAS ONLINE<\/h2><\/div><div class=\"uvc-sub-heading ult-responsive\"  data-ultimate-target='.uvc-heading.ultimate-heading-283869e9ddd1592a2 .uvc-sub-heading '  data-responsive-json-new='{\"font-size\":\"desktop:16px;\",\"line-height\":\"desktop:20px;\"}'  style=\"font-family:&#039;Raleway&#039;;font-weight:normal;color:#9da0a2;margin-top:10px;\">Confirma\u00e7\u00e3o e disponibilidade no momento.<\/div><\/div>[\/vc_column][vc_column width=&#8221;1\/4&#8243; css=&#8221;.vc_custom_1626188574318{padding: 20px !important;}&#8221;][vc_single_image image=&#8221;832&#8243; img_size=&#8221;full&#8221; alignment=&#8221;center&#8221;]<div id=\"ultimate-heading-912269e9ddd15932c\" class=\"uvc-heading ult-adjust-bottom-margin ultimate-heading-912269e9ddd15932c uvc-1550 \" data-hspacer=\"no_spacer\"  data-halign=\"center\" style=\"text-align:center\"><div class=\"uvc-heading-spacer no_spacer\" style=\"top\"><\/div><div class=\"uvc-main-heading ult-responsive\"  data-ultimate-target='.uvc-heading.ultimate-heading-912269e9ddd15932c h2'  data-responsive-json-new='{\"font-size\":\"desktop:19px;\",\"line-height\":\"\"}' ><h2 style=\"font-family:&#039;Raleway&#039;;font-weight:600;margin-top:10px;\">M\u00c9TODOS DE PAGAMENTO<\/h2><\/div><div class=\"uvc-sub-heading ult-responsive\"  data-ultimate-target='.uvc-heading.ultimate-heading-912269e9ddd15932c .uvc-sub-heading '  data-responsive-json-new='{\"font-size\":\"desktop:16px;\",\"line-height\":\"desktop:20px;\"}'  style=\"font-family:&#039;Raleway&#039;;font-weight:normal;color:#9da0a2;margin-top:10px;\">Todos os cart\u00f5es de cr\u00e9dito ou d\u00e9bito e PayPal<\/div><\/div>[\/vc_column][vc_column width=&#8221;1\/4&#8243; css=&#8221;.vc_custom_1626188582306{padding: 20px !important;}&#8221;][vc_single_image image=&#8221;833&#8243; img_size=&#8221;full&#8221; alignment=&#8221;center&#8221;]<div id=\"ultimate-heading-178069e9ddd159390\" class=\"uvc-heading ult-adjust-bottom-margin ultimate-heading-178069e9ddd159390 uvc-5514 \" data-hspacer=\"no_spacer\"  data-halign=\"center\" style=\"text-align:center\"><div class=\"uvc-heading-spacer no_spacer\" style=\"top\"><\/div><div class=\"uvc-main-heading ult-responsive\"  data-ultimate-target='.uvc-heading.ultimate-heading-178069e9ddd159390 h2'  data-responsive-json-new='{\"font-size\":\"desktop:19px;\",\"line-height\":\"\"}' ><h2 style=\"font-family:&#039;Raleway&#039;;font-weight:600;margin-top:10px;\">SERVI\u00c7OS EXCLUSIVOS<\/h2><\/div><div class=\"uvc-sub-heading ult-responsive\"  data-ultimate-target='.uvc-heading.ultimate-heading-178069e9ddd159390 .uvc-sub-heading '  data-responsive-json-new='{\"font-size\":\"desktop:16px;\",\"line-height\":\"desktop:20px;\"}'  style=\"font-family:&#039;Raleway&#039;;font-weight:normal;color:#9da0a2;margin-top:10px;\">Adaptamo-nos aos desejos de cada viajante.<\/div><\/div>[\/vc_column][vc_column width=&#8221;1\/4&#8243; css=&#8221;.vc_custom_1626188590537{padding: 20px !important;}&#8221;][vc_single_image image=&#8221;834&#8243; img_size=&#8221;full&#8221; alignment=&#8221;center&#8221;]<div id=\"ultimate-heading-862469e9ddd1593f1\" class=\"uvc-heading ult-adjust-bottom-margin ultimate-heading-862469e9ddd1593f1 uvc-4701 \" data-hspacer=\"no_spacer\"  data-halign=\"center\" style=\"text-align:center\"><div class=\"uvc-heading-spacer no_spacer\" style=\"top\"><\/div><div class=\"uvc-main-heading ult-responsive\"  data-ultimate-target='.uvc-heading.ultimate-heading-862469e9ddd1593f1 h2'  data-responsive-json-new='{\"font-size\":\"desktop:19px;\",\"line-height\":\"\"}' ><h2 style=\"font-family:&#039;Raleway&#039;;font-weight:600;margin-top:10px;\">ATENDIMENTO PERSONALIZADO<\/h2><\/div><div class=\"uvc-sub-heading ult-responsive\"  data-ultimate-target='.uvc-heading.ultimate-heading-862469e9ddd1593f1 .uvc-sub-heading '  data-responsive-json-new='{\"font-size\":\"desktop:16px;\",\"line-height\":\"desktop:20px;\"}'  style=\"font-family:&#039;Raleway&#039;;font-weight:normal;color:#9da0a2;margin-top:10px;\">Aten\u00e7\u00e3o no destino ou pelo WhatsApp 24\/7<\/div><\/div>[\/vc_column][\/vc_row]<\/p>\n","protected":false},"excerpt":{"rendered":"<p>[vc_row][vc_column width=&#8221;1\/6&#8243;][\/vc_column][vc_column width=&#8221;2\/3&#8243;][vc_column_text] Bariloche oferece in\u00fameras atividades, por isso \u00e9 a capital nacional do turismo de aventura. Vivi a aventura nos mais variados cen\u00e1rios, do jeito que voc\u00ea mais gosta. O maior desafio ser\u00e1 escolher o que fazer primeiro! [\/vc_column_text][\/vc_column][vc_column width=&#8221;1\/6&#8243;][\/vc_column][\/vc_row][vc_row type=&#8221;vc_default&#8221; css=&#8221;.vc_custom_1626208548465{margin-top: 30px !important;}&#8221;][vc_column][\/vc_column][\/vc_row][vc_row type=&#8221;vc_default&#8221; gap=&#8221;35&#8243; equal_height=&#8221;yes&#8221; css=&#8221;.vc_custom_1640788587819{margin-top: 20px !important;}&#8221;][vc_column width=&#8221;1\/4&#8243; css=&#8221;.vc_custom_1626188566478{padding: 20px !important;}&#8221;][vc_single_image&hellip;<\/p>\n","protected":false},"author":1,"featured_media":0,"parent":0,"menu_order":0,"comment_status":"closed","ping_status":"closed","template":"","meta":[],"_links":{"self":[{"href":"https:\/\/catedralturismo.com\/por\/wp-json\/wp\/v2\/pages\/29"}],"collection":[{"href":"https:\/\/catedralturismo.com\/por\/wp-json\/wp\/v2\/pages"}],"about":[{"href":"https:\/\/catedralturismo.com\/por\/wp-json\/wp\/v2\/types\/page"}],"author":[{"embeddable":true,"href":"https:\/\/catedralturismo.com\/por\/wp-json\/wp\/v2\/users\/1"}],"replies":[{"embeddable":true,"href":"https:\/\/catedralturismo.com\/por\/wp-json\/wp\/v2\/comments?post=29"}],"version-history":[{"count":10,"href":"https:\/\/catedralturismo.com\/por\/wp-json\/wp\/v2\/pages\/29\/revisions"}],"predecessor-version":[{"id":1361,"href":"https:\/\/catedralturismo.com\/por\/wp-json\/wp\/v2\/pages\/29\/revisions\/1361"}],"wp:attachment":[{"href":"https:\/\/catedralturismo.com\/por\/wp-json\/wp\/v2\/media?parent=29"}],"curies":[{"name":"wp","href":"https:\/\/api.w.org\/{rel}","templated":true}]}}