{"id":52,"date":"2021-07-13T10:52:28","date_gmt":"2021-07-13T13:52:28","guid":{"rendered":"https:\/\/www.turaccion.com.ar\/nueva\/?page_id=52"},"modified":"2022-01-20T17:30:38","modified_gmt":"2022-01-20T20:30:38","slug":"excursiones-lacustres","status":"publish","type":"page","link":"https:\/\/catedralturismo.com\/por\/excursiones-lacustres\/","title":{"rendered":"Passeios de barco"},"content":{"rendered":"<p>[vc_row][vc_column width=&#8221;1\/6&#8243;][\/vc_column][vc_column width=&#8221;2\/3&#8243;][vc_column_text]<\/p>\n<p style=\"text-align: center;\">Uma das excurs\u00f5es imperd\u00edveis para fazer em Bariloche \u00e9 navegar pelo Lago Nahuel Huapi, que se caracteriza por seu grande tamanho, seus belos arredores e suas \u00e1guas cristalinas. Navegar \u00e9 uma das atividades preferidas de quem nos visita e que nos permite descobrir a extraordin\u00e1ria geografia e fauna a bordo de modernos barcos.<\/p>\n<p>[\/vc_column_text][\/vc_column][vc_column width=&#8221;1\/6&#8243;][\/vc_column][\/vc_row][vc_row type=&#8221;vc_default&#8221; css=&#8221;.vc_custom_1626208548465{margin-top: 30px !important;}&#8221;][vc_column]<style type=\"text\/css\" data-type=\"the7_shortcodes-inline-css\">.products-shortcode.products-masonry-shortcode-id-517fb2bede12b1c10be38f70dae2f5ca .star-rating,\n.products-shortcode.products-masonry-shortcode-id-517fb2bede12b1c10be38f70dae2f5ca .star-rating:before {\n  color: rgba(0,0,0,0.2);\n}\n.products-shortcode.products-masonry-shortcode-id-517fb2bede12b1c10be38f70dae2f5ca .entry-title,\n.products-shortcode.products-masonry-shortcode-id-517fb2bede12b1c10be38f70dae2f5ca .entry-title *,\n.products-shortcode.products-masonry-shortcode-id-517fb2bede12b1c10be38f70dae2f5ca .woocom-list-content .price,\n.products-shortcode.products-masonry-shortcode-id-517fb2bede12b1c10be38f70dae2f5ca .woocom-list-content .price * {\n  color: #000000;\n}\n.products-shortcode.products-masonry-shortcode-id-517fb2bede12b1c10be38f70dae2f5ca .woocom-list-content .price del,\n.products-shortcode.products-masonry-shortcode-id-517fb2bede12b1c10be38f70dae2f5ca .woocom-list-content .price del * {\n  color: #afafaf;\n}\n.products-shortcode.products-masonry-shortcode-id-517fb2bede12b1c10be38f70dae2f5ca .filter a,\n.products-shortcode.products-masonry-shortcode-id-517fb2bede12b1c10be38f70dae2f5ca .filter a * {\n  color: #000000;\n}\n.products-shortcode.products-masonry-shortcode-id-517fb2bede12b1c10be38f70dae2f5ca .filter-bg-decoration .filter-categories a.act {\n  color: #fff;\n}\n.products-shortcode.products-masonry-shortcode-id-517fb2bede12b1c10be38f70dae2f5ca:not(.resize-by-browser-width) .dt-css-grid {\n  grid-row-gap: 30px;\n  grid-column-gap: 30px;\n  grid-template-columns: repeat(auto-fill,minmax(,1fr));\n}\n.cssgridlegacy.no-cssgrid .products-shortcode.products-masonry-shortcode-id-517fb2bede12b1c10be38f70dae2f5ca:not(.resize-by-browser-width) .dt-css-grid,\n.no-cssgridlegacy.no-cssgrid .products-shortcode.products-masonry-shortcode-id-517fb2bede12b1c10be38f70dae2f5ca:not(.resize-by-browser-width) .dt-css-grid {\n  display: flex;\n  flex-flow: row wrap;\n  margin: -15px;\n}\n.cssgridlegacy.no-cssgrid .products-shortcode.products-masonry-shortcode-id-517fb2bede12b1c10be38f70dae2f5ca:not(.resize-by-browser-width) .dt-css-grid .wf-cell,\n.no-cssgridlegacy.no-cssgrid .products-shortcode.products-masonry-shortcode-id-517fb2bede12b1c10be38f70dae2f5ca:not(.resize-by-browser-width) .dt-css-grid .wf-cell {\n  flex: 1 0 ;\n  max-width: 100%;\n  padding: 15px;\n  box-sizing: border-box;\n}\n.products-shortcode.products-masonry-shortcode-id-517fb2bede12b1c10be38f70dae2f5ca.resize-by-browser-width .dt-css-grid {\n  grid-template-columns: repeat(4,1fr);\n  grid-template-rows: auto;\n  grid-column-gap: 30px;\n  grid-row-gap: 30px;\n}\n.cssgridlegacy.no-cssgrid .products-shortcode.products-masonry-shortcode-id-517fb2bede12b1c10be38f70dae2f5ca.resize-by-browser-width .dt-css-grid,\n.no-cssgridlegacy.no-cssgrid .products-shortcode.products-masonry-shortcode-id-517fb2bede12b1c10be38f70dae2f5ca.resize-by-browser-width .dt-css-grid {\n  margin: -15px;\n}\n.cssgridlegacy.no-cssgrid .products-shortcode.products-masonry-shortcode-id-517fb2bede12b1c10be38f70dae2f5ca.resize-by-browser-width .dt-css-grid .wf-cell,\n.no-cssgridlegacy.no-cssgrid .products-shortcode.products-masonry-shortcode-id-517fb2bede12b1c10be38f70dae2f5ca.resize-by-browser-width .dt-css-grid .wf-cell {\n  width: 25%;\n  padding: 15px;\n}\n@media screen and (max-width: 1199px) {\n  .products-shortcode.products-masonry-shortcode-id-517fb2bede12b1c10be38f70dae2f5ca.resize-by-browser-width .dt-css-grid {\n    grid-template-columns: repeat(3,1fr);\n  }\n  .cssgridlegacy.no-cssgrid .products-shortcode.products-masonry-shortcode-id-517fb2bede12b1c10be38f70dae2f5ca.resize-by-browser-width .dt-css-grid .wf-cell,\n  .no-cssgridlegacy.no-cssgrid .products-shortcode.products-masonry-shortcode-id-517fb2bede12b1c10be38f70dae2f5ca.resize-by-browser-width .dt-css-grid .wf-cell {\n    width: 33.333333333333%;\n  }\n}\n@media screen and (max-width: 991px) {\n  .products-shortcode.products-masonry-shortcode-id-517fb2bede12b1c10be38f70dae2f5ca.resize-by-browser-width .dt-css-grid {\n    grid-template-columns: repeat(2,1fr);\n  }\n  .cssgridlegacy.no-cssgrid .products-shortcode.products-masonry-shortcode-id-517fb2bede12b1c10be38f70dae2f5ca.resize-by-browser-width .dt-css-grid .wf-cell,\n  .no-cssgridlegacy.no-cssgrid .products-shortcode.products-masonry-shortcode-id-517fb2bede12b1c10be38f70dae2f5ca.resize-by-browser-width .dt-css-grid .wf-cell {\n    width: 50%;\n  }\n}\n@media screen and (max-width: 767px) {\n  .products-shortcode.products-masonry-shortcode-id-517fb2bede12b1c10be38f70dae2f5ca.resize-by-browser-width .dt-css-grid {\n    grid-template-columns: repeat(1,1fr);\n  }\n  .cssgridlegacy.no-cssgrid .products-shortcode.products-masonry-shortcode-id-517fb2bede12b1c10be38f70dae2f5ca.resize-by-browser-width .dt-css-grid .wf-cell,\n  .no-cssgridlegacy.no-cssgrid .products-shortcode.products-masonry-shortcode-id-517fb2bede12b1c10be38f70dae2f5ca.resize-by-browser-width .dt-css-grid .wf-cell {\n    width: 100%;\n  }\n}\n<\/style><div class=\"products-shortcode products-masonry-shortcode-id-517fb2bede12b1c10be38f70dae2f5ca mode-grid cart-btn-below-img hide-description hide-rating jquery-filter wc-img-hover dt-css-grid-wrap resize-by-browser-width loading-effect-none description-under-image content-align-centre\" data-padding=\"15px\" data-cur-page=\"1\" data-post-limit=\"-1\" data-pagination-mode=\"none\" data-desktop-columns-num=\"4\" data-v-tablet-columns-num=\"2\" data-h-tablet-columns-num=\"3\" data-phone-columns-num=\"1\" data-width=\"0px\" data-columns=\"0\"><div class=\"dt-css-grid\" ><div class=\"visible wf-cell visible\" data-post-id=\"1079\" data-date=\"2021-12-30T15:44:43-03:00\" data-name=\"Porto Blest e Cachoeira Cantaros\"><article class=\"post project-odd visible description-off product type-product post-1079 status-publish first instock product_cat-destacadas product_cat-lacustres has-post-thumbnail sold-individually shipping-taxable purchasable product-type-booking\" ><figure class=\"woocom-project\">\n\t<div class=\"woo-buttons-on-img\">\n\n\t\t<a href=\"https:\/\/catedralturismo.com\/por\/producto\/puerto-blest-y-cascada-de-lo-cantaros\/\" class=\"alignnone layzr-bg\"><img width=\"300\" height=\"300\" src=\"data:image\/svg+xml;charset=utf-8,%3Csvg xmlns%3D&#039;http%3A%2F%2Fwww.w3.org%2F2000%2Fsvg&#039; viewBox%3D&#039;0 0 300 300&#039;%2F%3E\" class=\"attachment-woocommerce_thumbnail size-woocommerce_thumbnail iso-lazy-load preload-me\" alt=\"\" loading=\"lazy\" data-src=\"https:\/\/catedralturismo.com\/por\/wp-content\/uploads\/2021\/12\/Blest-4-1-300x300.jpg\" data-srcset=\"https:\/\/catedralturismo.com\/por\/wp-content\/uploads\/2021\/12\/Blest-4-1-300x300.jpg 300w, https:\/\/catedralturismo.com\/por\/wp-content\/uploads\/2021\/12\/Blest-4-1-150x150.jpg 150w, https:\/\/catedralturismo.com\/por\/wp-content\/uploads\/2021\/12\/Blest-4-1-200x200.jpg 200w\" \/><\/a>\n\t<\/div>\n\t<figcaption class=\"woocom-list-content\">\n\n\t\t<div class=\"woo-buttons\"><a href=\"https:\/\/catedralturismo.com\/por\/producto\/puerto-blest-y-cascada-de-lo-cantaros\/\" data-quantity=\"1\" class=\"product_type_booking add_to_cart_button\" data-product_id=\"1079\" data-product_sku=\"\" aria-label=\"Leia mais sobre &ldquo;Porto Blest e Cachoeira Cantaros&rdquo;\" rel=\"nofollow\">Ler mais<\/a><\/div>\n\t<\/figcaption>\n<\/figure>\n<\/article><\/div><div class=\"visible wf-cell visible\" data-post-id=\"1075\" data-date=\"2021-12-30T15:41:28-03:00\" data-name=\"Ilha Victoria e Floresta de Arrayanes\"><article class=\"post project-odd visible description-off product type-product post-1075 status-publish instock product_cat-destacadas product_cat-lacustres has-post-thumbnail sold-individually shipping-taxable purchasable product-type-booking\" ><figure class=\"woocom-project\">\n\t<div class=\"woo-buttons-on-img\">\n\n\t\t<a href=\"https:\/\/catedralturismo.com\/por\/producto\/isla-victoria-y-bosque-de-arrayanes\/\" class=\"alignnone layzr-bg\"><img width=\"300\" height=\"300\" src=\"data:image\/svg+xml;charset=utf-8,%3Csvg xmlns%3D&#039;http%3A%2F%2Fwww.w3.org%2F2000%2Fsvg&#039; viewBox%3D&#039;0 0 300 300&#039;%2F%3E\" class=\"attachment-woocommerce_thumbnail size-woocommerce_thumbnail iso-lazy-load preload-me\" alt=\"\" loading=\"lazy\" data-src=\"https:\/\/catedralturismo.com\/por\/wp-content\/uploads\/2021\/12\/isla-1-1-300x300.jpg\" data-srcset=\"https:\/\/catedralturismo.com\/por\/wp-content\/uploads\/2021\/12\/isla-1-1-300x300.jpg 300w, https:\/\/catedralturismo.com\/por\/wp-content\/uploads\/2021\/12\/isla-1-1-150x150.jpg 150w, https:\/\/catedralturismo.com\/por\/wp-content\/uploads\/2021\/12\/isla-1-1-200x200.jpg 200w\" \/><\/a>\n\t<\/div>\n\t<figcaption class=\"woocom-list-content\">\n\n\t\t<div class=\"woo-buttons\"><a href=\"https:\/\/catedralturismo.com\/por\/producto\/isla-victoria-y-bosque-de-arrayanes\/\" data-quantity=\"1\" class=\"product_type_booking add_to_cart_button\" data-product_id=\"1075\" data-product_sku=\"\" aria-label=\"Leia mais sobre &ldquo;Ilha Victoria e Floresta de Arrayanes&rdquo;\" rel=\"nofollow\">Ler mais<\/a><\/div>\n\t<\/figcaption>\n<\/figure>\n<\/article><\/div><div class=\"visible wf-cell visible\" data-post-id=\"1089\" data-date=\"2021-12-30T16:01:02-03:00\" data-name=\"Explora\u00e7\u00e3o Bra\u00e7o da Tristeza\"><article class=\"post project-odd visible description-off product type-product post-1089 status-publish instock product_cat-lacustres has-post-thumbnail sold-individually shipping-taxable purchasable product-type-booking\" ><figure class=\"woocom-project\">\n\t<div class=\"woo-buttons-on-img\">\n\n\t\t<a href=\"https:\/\/catedralturismo.com\/por\/producto\/exploracion-brazo-tristeza\/\" class=\"alignnone layzr-bg\"><img width=\"300\" height=\"300\" src=\"data:image\/svg+xml;charset=utf-8,%3Csvg xmlns%3D&#039;http%3A%2F%2Fwww.w3.org%2F2000%2Fsvg&#039; viewBox%3D&#039;0 0 300 300&#039;%2F%3E\" class=\"attachment-woocommerce_thumbnail size-woocommerce_thumbnail iso-lazy-load preload-me\" alt=\"\" loading=\"lazy\" data-src=\"https:\/\/catedralturismo.com\/por\/wp-content\/uploads\/2021\/12\/IMG_6306-1-300x300.jpg\" data-srcset=\"https:\/\/catedralturismo.com\/por\/wp-content\/uploads\/2021\/12\/IMG_6306-1-300x300.jpg 300w, https:\/\/catedralturismo.com\/por\/wp-content\/uploads\/2021\/12\/IMG_6306-1-150x150.jpg 150w, https:\/\/catedralturismo.com\/por\/wp-content\/uploads\/2021\/12\/IMG_6306-1-200x200.jpg 200w\" \/><\/a>\n\t<\/div>\n\t<figcaption class=\"woocom-list-content\">\n\n\t\t<div class=\"woo-buttons\"><a href=\"https:\/\/catedralturismo.com\/por\/producto\/exploracion-brazo-tristeza\/\" data-quantity=\"1\" class=\"product_type_booking add_to_cart_button\" data-product_id=\"1089\" data-product_sku=\"\" aria-label=\"Leia mais sobre &ldquo;Explora\u00e7\u00e3o Bra\u00e7o da Tristeza&rdquo;\" rel=\"nofollow\">Ler mais<\/a><\/div>\n\t<\/figcaption>\n<\/figure>\n<\/article><\/div><div class=\"visible wf-cell visible\" data-post-id=\"1083\" data-date=\"2021-12-30T15:47:10-03:00\" data-name=\"Cruce Andino\"><article class=\"post project-odd visible description-off product type-product post-1083 status-publish last instock product_cat-lacustres has-post-thumbnail sold-individually shipping-taxable purchasable product-type-booking\" ><figure class=\"woocom-project\">\n\t<div class=\"woo-buttons-on-img\">\n\n\t\t<a href=\"https:\/\/catedralturismo.com\/por\/producto\/cruce-andino\/\" class=\"alignnone layzr-bg\"><img width=\"300\" height=\"300\" src=\"data:image\/svg+xml;charset=utf-8,%3Csvg xmlns%3D&#039;http%3A%2F%2Fwww.w3.org%2F2000%2Fsvg&#039; viewBox%3D&#039;0 0 300 300&#039;%2F%3E\" class=\"attachment-woocommerce_thumbnail size-woocommerce_thumbnail iso-lazy-load preload-me\" alt=\"\" loading=\"lazy\" data-src=\"https:\/\/catedralturismo.com\/por\/wp-content\/uploads\/2021\/12\/cruce-1-1-300x300.jpg\" data-srcset=\"https:\/\/catedralturismo.com\/por\/wp-content\/uploads\/2021\/12\/cruce-1-1-300x300.jpg 300w, https:\/\/catedralturismo.com\/por\/wp-content\/uploads\/2021\/12\/cruce-1-1-150x150.jpg 150w, https:\/\/catedralturismo.com\/por\/wp-content\/uploads\/2021\/12\/cruce-1-1-200x200.jpg 200w\" \/><\/a>\n\t<\/div>\n\t<figcaption class=\"woocom-list-content\">\n\n\t\t<div class=\"woo-buttons\"><a href=\"https:\/\/catedralturismo.com\/por\/producto\/cruce-andino\/\" data-quantity=\"1\" class=\"product_type_booking add_to_cart_button\" data-product_id=\"1083\" data-product_sku=\"\" aria-label=\"Leia mais sobre &ldquo;Cruce Andino&rdquo;\" rel=\"nofollow\">Ler mais<\/a><\/div>\n\t<\/figcaption>\n<\/figure>\n<\/article><\/div><\/div><!-- iso-container|iso-grid --><\/div><div class=\"ult-spacer spacer-6a0333490cd64\" data-id=\"6a0333490cd64\" data-height=\"10\" data-height-mobile=\"10\" data-height-tab=\"10\" data-height-tab-portrait=\"\" data-height-mobile-landscape=\"\" style=\"clear:both;display:block;\"><\/div>[\/vc_column][\/vc_row][vc_row type=&#8221;vc_default&#8221; gap=&#8221;35&#8243; equal_height=&#8221;yes&#8221; css=&#8221;.vc_custom_1640788587819{margin-top: 20px !important;}&#8221;][vc_column width=&#8221;1\/4&#8243; css=&#8221;.vc_custom_1626188566478{padding: 20px !important;}&#8221;][vc_single_image image=&#8221;831&#8243; img_size=&#8221;full&#8221; alignment=&#8221;center&#8221;]<div id=\"ultimate-heading-12226a0333490ce2e\" class=\"uvc-heading ult-adjust-bottom-margin ultimate-heading-12226a0333490ce2e uvc-1634 \" data-hspacer=\"no_spacer\"  data-halign=\"center\" style=\"text-align:center\"><div class=\"uvc-heading-spacer no_spacer\" style=\"top\"><\/div><div class=\"uvc-main-heading ult-responsive\"  data-ultimate-target='.uvc-heading.ultimate-heading-12226a0333490ce2e h2'  data-responsive-json-new='{\"font-size\":\"desktop:19px;\",\"line-height\":\"\"}' ><h2 style=\"font-family:&#039;Raleway&#039;;font-weight:600;margin-top:10px;\">RESERVAS ONLINE<\/h2><\/div><div class=\"uvc-sub-heading ult-responsive\"  data-ultimate-target='.uvc-heading.ultimate-heading-12226a0333490ce2e .uvc-sub-heading '  data-responsive-json-new='{\"font-size\":\"desktop:16px;\",\"line-height\":\"desktop:20px;\"}'  style=\"font-family:&#039;Raleway&#039;;font-weight:normal;color:#9da0a2;margin-top:10px;\">Confirma\u00e7\u00e3o e disponibilidade no momento.<\/div><\/div>[\/vc_column][vc_column width=&#8221;1\/4&#8243; css=&#8221;.vc_custom_1626188574318{padding: 20px !important;}&#8221;][vc_single_image image=&#8221;832&#8243; img_size=&#8221;full&#8221; alignment=&#8221;center&#8221;]<div id=\"ultimate-heading-86136a0333490ce96\" class=\"uvc-heading ult-adjust-bottom-margin ultimate-heading-86136a0333490ce96 uvc-9471 \" data-hspacer=\"no_spacer\"  data-halign=\"center\" style=\"text-align:center\"><div class=\"uvc-heading-spacer no_spacer\" style=\"top\"><\/div><div class=\"uvc-main-heading ult-responsive\"  data-ultimate-target='.uvc-heading.ultimate-heading-86136a0333490ce96 h2'  data-responsive-json-new='{\"font-size\":\"desktop:19px;\",\"line-height\":\"\"}' ><h2 style=\"font-family:&#039;Raleway&#039;;font-weight:600;margin-top:10px;\">M\u00c9TODOS DE PAGAMENTO<\/h2><\/div><div class=\"uvc-sub-heading ult-responsive\"  data-ultimate-target='.uvc-heading.ultimate-heading-86136a0333490ce96 .uvc-sub-heading '  data-responsive-json-new='{\"font-size\":\"desktop:16px;\",\"line-height\":\"desktop:20px;\"}'  style=\"font-family:&#039;Raleway&#039;;font-weight:normal;color:#9da0a2;margin-top:10px;\">Todos os cart\u00f5es de cr\u00e9dito ou d\u00e9bito e PayPal<\/div><\/div>[\/vc_column][vc_column width=&#8221;1\/4&#8243; css=&#8221;.vc_custom_1626188582306{padding: 20px !important;}&#8221;][vc_single_image image=&#8221;833&#8243; img_size=&#8221;full&#8221; alignment=&#8221;center&#8221;]<div id=\"ultimate-heading-14806a0333490cede\" class=\"uvc-heading ult-adjust-bottom-margin ultimate-heading-14806a0333490cede uvc-144 \" data-hspacer=\"no_spacer\"  data-halign=\"center\" style=\"text-align:center\"><div class=\"uvc-heading-spacer no_spacer\" style=\"top\"><\/div><div class=\"uvc-main-heading ult-responsive\"  data-ultimate-target='.uvc-heading.ultimate-heading-14806a0333490cede h2'  data-responsive-json-new='{\"font-size\":\"desktop:19px;\",\"line-height\":\"\"}' ><h2 style=\"font-family:&#039;Raleway&#039;;font-weight:600;margin-top:10px;\">SERVI\u00c7OS EXCLUSIVOS<\/h2><\/div><div class=\"uvc-sub-heading ult-responsive\"  data-ultimate-target='.uvc-heading.ultimate-heading-14806a0333490cede .uvc-sub-heading '  data-responsive-json-new='{\"font-size\":\"desktop:16px;\",\"line-height\":\"desktop:20px;\"}'  style=\"font-family:&#039;Raleway&#039;;font-weight:normal;color:#9da0a2;margin-top:10px;\">Adaptamo-nos aos desejos de cada viajante.<\/div><\/div>[\/vc_column][vc_column width=&#8221;1\/4&#8243; css=&#8221;.vc_custom_1626188590537{padding: 20px !important;}&#8221;][vc_single_image image=&#8221;834&#8243; img_size=&#8221;full&#8221; alignment=&#8221;center&#8221;]<div id=\"ultimate-heading-95896a0333490cf20\" class=\"uvc-heading ult-adjust-bottom-margin ultimate-heading-95896a0333490cf20 uvc-1684 \" data-hspacer=\"no_spacer\"  data-halign=\"center\" style=\"text-align:center\"><div class=\"uvc-heading-spacer no_spacer\" style=\"top\"><\/div><div class=\"uvc-main-heading ult-responsive\"  data-ultimate-target='.uvc-heading.ultimate-heading-95896a0333490cf20 h2'  data-responsive-json-new='{\"font-size\":\"desktop:19px;\",\"line-height\":\"\"}' ><h2 style=\"font-family:&#039;Raleway&#039;;font-weight:600;margin-top:10px;\">ATENDIMENTO PERSONALIZADO<\/h2><\/div><div class=\"uvc-sub-heading ult-responsive\"  data-ultimate-target='.uvc-heading.ultimate-heading-95896a0333490cf20 .uvc-sub-heading '  data-responsive-json-new='{\"font-size\":\"desktop:16px;\",\"line-height\":\"desktop:20px;\"}'  style=\"font-family:&#039;Raleway&#039;;font-weight:normal;color:#9da0a2;margin-top:10px;\">Aten\u00e7\u00e3o no destino ou pelo WhatsApp 24\/7<\/div><\/div>[\/vc_column][\/vc_row]<\/p>\n","protected":false},"excerpt":{"rendered":"<p>[vc_row][vc_column width=&#8221;1\/6&#8243;][\/vc_column][vc_column width=&#8221;2\/3&#8243;][vc_column_text] Uma das excurs\u00f5es imperd\u00edveis para fazer em Bariloche \u00e9 navegar pelo Lago Nahuel Huapi, que se caracteriza por seu grande tamanho, seus belos arredores e suas \u00e1guas cristalinas. Navegar \u00e9 uma das atividades preferidas de quem nos visita e que nos permite descobrir a extraordin\u00e1ria geografia e fauna a bordo de modernos&hellip;<\/p>\n","protected":false},"author":1,"featured_media":0,"parent":0,"menu_order":0,"comment_status":"closed","ping_status":"closed","template":"","meta":[],"_links":{"self":[{"href":"https:\/\/catedralturismo.com\/por\/wp-json\/wp\/v2\/pages\/52"}],"collection":[{"href":"https:\/\/catedralturismo.com\/por\/wp-json\/wp\/v2\/pages"}],"about":[{"href":"https:\/\/catedralturismo.com\/por\/wp-json\/wp\/v2\/types\/page"}],"author":[{"embeddable":true,"href":"https:\/\/catedralturismo.com\/por\/wp-json\/wp\/v2\/users\/1"}],"replies":[{"embeddable":true,"href":"https:\/\/catedralturismo.com\/por\/wp-json\/wp\/v2\/comments?post=52"}],"version-history":[{"count":9,"href":"https:\/\/catedralturismo.com\/por\/wp-json\/wp\/v2\/pages\/52\/revisions"}],"predecessor-version":[{"id":1362,"href":"https:\/\/catedralturismo.com\/por\/wp-json\/wp\/v2\/pages\/52\/revisions\/1362"}],"wp:attachment":[{"href":"https:\/\/catedralturismo.com\/por\/wp-json\/wp\/v2\/media?parent=52"}],"curies":[{"name":"wp","href":"https:\/\/api.w.org\/{rel}","templated":true}]}}