{"id":1056,"date":"2021-12-30T14:58:23","date_gmt":"2021-12-30T17:58:23","guid":{"rendered":"https:\/\/catedralturismo.com\/nueva\/?post_type=product&#038;p=1056"},"modified":"2022-01-20T16:11:41","modified_gmt":"2022-01-20T19:11:41","slug":"villa-la-angostura-y-bayo","status":"publish","type":"product","link":"https:\/\/catedralturismo.com\/por\/producto\/villa-la-angostura-y-bayo\/","title":{"rendered":"Villa La Angostura y Cerro Bayo"},"content":{"rendered":"","protected":false},"excerpt":{"rendered":"<p><strong>Duraci\u00f3n:<\/strong> D\u00eda completo. 11 hs aprox.<br \/>\n<strong>Recorrido:<\/strong> 360 km aprox.<br \/>\n<strong>D\u00edas de salida:<\/strong> todos los dias<br \/>\n<strong>Temporada:<\/strong> Todo el a\u00f1o<\/p>\n<p><strong>Horario de salida: <\/strong>8hs a 18:30hs<strong><br \/>\n<\/strong><\/p>\n<p><strong>Incluye:<\/strong> transporte y gu\u00eda en espa\u00f1ol<br \/>\n<strong>No incluye:<\/strong> almuerzo<\/p>\n<p>&nbsp;<\/p>\n<p>El recorrido de este hermoso circuito, incluye toda la gama de paisajes que se pueden disfrutar en esta privilegiada regi\u00f3n. El trayecto hacia San Mart\u00edn, en un camino boscoso que cruza r\u00edos y arroyos y bordea varios lagos (Nahuel Huapi, Correntoso, Espejo, Escondido, Villarino, Falkner y Mach\u00f3nico) en cuyas orillas, algunas playas y diversos puntos panor\u00e1micos permiten disfrutar paisajes maravillosos.<\/p>\n<p>Este paseo \u00a0se inicia en nuestra ciudad con direcci\u00f3n al este para bordear toda la margen norte del lago Nahuel Huapi, atravesamos el puente sobre el rio Limay y de all\u00ed unos poco kil\u00f3metros para empalmar con la ruta nacional 237 que nos lleva hasta villa la Angostura. Realizaremos ac\u00e1 una breve parada de media hora.<\/p>\n<p>Continuando el recorrido salimos de Villa La Angostura para introducirnos en el camino de 7 lagos ahora totalmente pavimentado y que va sorteando la magia de estos lagos para finalizar en el Lago lacar a cuyas orillas emerge la ciudad de San Martin de los Andes.<\/p>\n<p>Damos el tiempo libre para recorrerla y almorzar antes de emprender el regreso por el mismo Camino.<\/p>\n","protected":false},"featured_media":1257,"template":"","meta":[],"product_cat":[19],"product_tag":[],"_links":{"self":[{"href":"https:\/\/catedralturismo.com\/por\/wp-json\/wp\/v2\/product\/1056"}],"collection":[{"href":"https:\/\/catedralturismo.com\/por\/wp-json\/wp\/v2\/product"}],"about":[{"href":"https:\/\/catedralturismo.com\/por\/wp-json\/wp\/v2\/types\/product"}],"wp:featuredmedia":[{"embeddable":true,"href":"https:\/\/catedralturismo.com\/por\/wp-json\/wp\/v2\/media\/1257"}],"wp:attachment":[{"href":"https:\/\/catedralturismo.com\/por\/wp-json\/wp\/v2\/media?parent=1056"}],"wp:term":[{"taxonomy":"product_cat","embeddable":true,"href":"https:\/\/catedralturismo.com\/por\/wp-json\/wp\/v2\/product_cat?post=1056"},{"taxonomy":"product_tag","embeddable":true,"href":"https:\/\/catedralturismo.com\/por\/wp-json\/wp\/v2\/product_tag?post=1056"}],"curies":[{"name":"wp","href":"https:\/\/api.w.org\/{rel}","templated":true}]}}